{"id":887,"date":"2026-04-16T18:51:39","date_gmt":"2026-04-16T18:51:39","guid":{"rendered":"https:\/\/pankartmedya.com\/?page_id=887"},"modified":"2026-04-16T19:11:48","modified_gmt":"2026-04-16T19:11:48","slug":"hizmetlerimiz","status":"publish","type":"page","link":"https:\/\/pankartmedya.com\/index.php\/hizmetlerimiz\/","title":{"rendered":"Hizmetlerimiz"},"content":{"rendered":"\n\n\n\n\n\n\n\n\n\n\n\n\n\n\n\n\n\n\n\n\n\n","protected":false},"excerpt":{"rendered":"","protected":false},"author":2,"featured_media":0,"parent":0,"menu_order":0,"comment_status":"closed","ping_status":"closed","template":"full-width","meta":{"saved_in_kubio":true,"footnotes":""},"class_list":["post-887","page","type-page","status-publish","hentry"],"kubio_ai_page_context":{"short_desc":"","purpose":"general"},"yoast_head":"<!-- This site is optimized with the Yoast SEO plugin v27.4 - https:\/\/yoast.com\/product\/yoast-seo-wordpress\/ -->\n<title>Hizmetlerimiz - PANKART MEDYA<\/title>\n<meta name=\"description\" content=\"afi\u015f, bro\u015f\u00fcr, dergi, afi\u015fleme, afi\u015f as, afi\u015f adam,\" \/>\n<meta name=\"robots\" content=\"index, follow, max-snippet:-1, max-image-preview:large, max-video-preview:-1\" \/>\n<link rel=\"canonical\" href=\"https:\/\/pankartmedya.com\/index.php\/hizmetlerimiz\/\" \/>\n<meta property=\"og:locale\" content=\"tr_TR\" \/>\n<meta property=\"og:type\" content=\"article\" \/>\n<meta property=\"og:title\" content=\"Hizmetlerimiz - PANKART MEDYA\" \/>\n<meta property=\"og:description\" content=\"afi\u015f, bro\u015f\u00fcr, dergi, afi\u015fleme, afi\u015f as, afi\u015f adam,\" \/>\n<meta property=\"og:url\" content=\"https:\/\/pankartmedya.com\/index.php\/hizmetlerimiz\/\" \/>\n<meta property=\"og:site_name\" content=\"PANKART MEDYA\" \/>\n<meta property=\"article:publisher\" content=\"https:\/\/www.facebook.com\/p\/Pankart-Medya-Datm-Tantm-Organizasyon-100057863881169\/\" \/>\n<meta property=\"article:modified_time\" content=\"2026-04-16T19:11:48+00:00\" \/>\n<meta name=\"twitter:card\" content=\"summary_large_image\" \/>\n<meta name=\"twitter:label1\" content=\"Tahmini okuma s\u00fcresi\" \/>\n\t<meta name=\"twitter:data1\" content=\"6 dakika\" \/>\n<script type=\"application\/ld+json\" class=\"yoast-schema-graph\">{\"@context\":\"https:\\\/\\\/schema.org\",\"@graph\":[{\"@type\":\"WebPage\",\"@id\":\"https:\\\/\\\/pankartmedya.com\\\/index.php\\\/hizmetlerimiz\\\/\",\"url\":\"https:\\\/\\\/pankartmedya.com\\\/index.php\\\/hizmetlerimiz\\\/\",\"name\":\"Hizmetlerimiz - PANKART MEDYA\",\"isPartOf\":{\"@id\":\"https:\\\/\\\/pankartmedya.com\\\/#website\"},\"datePublished\":\"2026-04-16T18:51:39+00:00\",\"dateModified\":\"2026-04-16T19:11:48+00:00\",\"description\":\"afi\u015f, bro\u015f\u00fcr, dergi, afi\u015fleme, afi\u015f as, afi\u015f adam,\",\"breadcrumb\":{\"@id\":\"https:\\\/\\\/pankartmedya.com\\\/index.php\\\/hizmetlerimiz\\\/#breadcrumb\"},\"inLanguage\":\"tr\",\"potentialAction\":[{\"@type\":\"ReadAction\",\"target\":[\"https:\\\/\\\/pankartmedya.com\\\/index.php\\\/hizmetlerimiz\\\/\"]}]},{\"@type\":\"BreadcrumbList\",\"@id\":\"https:\\\/\\\/pankartmedya.com\\\/index.php\\\/hizmetlerimiz\\\/#breadcrumb\",\"itemListElement\":[{\"@type\":\"ListItem\",\"position\":1,\"name\":\"Anasayfa\",\"item\":\"https:\\\/\\\/pankartmedya.com\\\/\"},{\"@type\":\"ListItem\",\"position\":2,\"name\":\"Hizmetlerimiz\"}]},{\"@type\":\"WebSite\",\"@id\":\"https:\\\/\\\/pankartmedya.com\\\/#website\",\"url\":\"https:\\\/\\\/pankartmedya.com\\\/\",\"name\":\"PANKART MEDYA\",\"description\":\"AF\u0130\u015e BRO\u015e\u00dcR DERG\u0130 DA\u011eITIM TANITIM ORGAN\u0130ZASYON H\u0130ZMETLER\u0130\",\"publisher\":{\"@id\":\"https:\\\/\\\/pankartmedya.com\\\/#organization\"},\"potentialAction\":[{\"@type\":\"SearchAction\",\"target\":{\"@type\":\"EntryPoint\",\"urlTemplate\":\"https:\\\/\\\/pankartmedya.com\\\/?s={search_term_string}\"},\"query-input\":{\"@type\":\"PropertyValueSpecification\",\"valueRequired\":true,\"valueName\":\"search_term_string\"}}],\"inLanguage\":\"tr\"},{\"@type\":\"Organization\",\"@id\":\"https:\\\/\\\/pankartmedya.com\\\/#organization\",\"name\":\"PANKART MEDYA AF\u0130\u015e BRO\u015e\u00dcR DERG\u0130 DA\u011eITIM TANITIM ORGAN\u0130ZASYON H\u0130ZMETLER\u0130\",\"alternateName\":\"afi\u015f adam afis adam\",\"url\":\"https:\\\/\\\/pankartmedya.com\\\/\",\"logo\":{\"@type\":\"ImageObject\",\"inLanguage\":\"tr\",\"@id\":\"https:\\\/\\\/pankartmedya.com\\\/#\\\/schema\\\/logo\\\/image\\\/\",\"url\":\"https:\\\/\\\/pankartmedya.com\\\/wp-content\\\/uploads\\\/2026\\\/04\\\/plogoo.png\",\"contentUrl\":\"https:\\\/\\\/pankartmedya.com\\\/wp-content\\\/uploads\\\/2026\\\/04\\\/plogoo.png\",\"width\":1099,\"height\":347,\"caption\":\"PANKART MEDYA AF\u0130\u015e BRO\u015e\u00dcR DERG\u0130 DA\u011eITIM TANITIM ORGAN\u0130ZASYON H\u0130ZMETLER\u0130\"},\"image\":{\"@id\":\"https:\\\/\\\/pankartmedya.com\\\/#\\\/schema\\\/logo\\\/image\\\/\"},\"sameAs\":[\"https:\\\/\\\/www.facebook.com\\\/p\\\/Pankart-Medya-Datm-Tantm-Organizasyon-100057863881169\\\/\",\"https:\\\/\\\/www.instagram.com\\\/pankart.medya\\\/\"]}]}<\/script>\n<!-- \/ Yoast SEO plugin. -->","yoast_head_json":{"title":"Hizmetlerimiz - PANKART MEDYA","description":"afi\u015f, bro\u015f\u00fcr, dergi, afi\u015fleme, afi\u015f as, afi\u015f adam,","robots":{"index":"index","follow":"follow","max-snippet":"max-snippet:-1","max-image-preview":"max-image-preview:large","max-video-preview":"max-video-preview:-1"},"canonical":"https:\/\/pankartmedya.com\/index.php\/hizmetlerimiz\/","og_locale":"tr_TR","og_type":"article","og_title":"Hizmetlerimiz - PANKART MEDYA","og_description":"afi\u015f, bro\u015f\u00fcr, dergi, afi\u015fleme, afi\u015f as, afi\u015f adam,","og_url":"https:\/\/pankartmedya.com\/index.php\/hizmetlerimiz\/","og_site_name":"PANKART MEDYA","article_publisher":"https:\/\/www.facebook.com\/p\/Pankart-Medya-Datm-Tantm-Organizasyon-100057863881169\/","article_modified_time":"2026-04-16T19:11:48+00:00","twitter_card":"summary_large_image","twitter_misc":{"Tahmini okuma s\u00fcresi":"6 dakika"},"schema":{"@context":"https:\/\/schema.org","@graph":[{"@type":"WebPage","@id":"https:\/\/pankartmedya.com\/index.php\/hizmetlerimiz\/","url":"https:\/\/pankartmedya.com\/index.php\/hizmetlerimiz\/","name":"Hizmetlerimiz - PANKART MEDYA","isPartOf":{"@id":"https:\/\/pankartmedya.com\/#website"},"datePublished":"2026-04-16T18:51:39+00:00","dateModified":"2026-04-16T19:11:48+00:00","description":"afi\u015f, bro\u015f\u00fcr, dergi, afi\u015fleme, afi\u015f as, afi\u015f adam,","breadcrumb":{"@id":"https:\/\/pankartmedya.com\/index.php\/hizmetlerimiz\/#breadcrumb"},"inLanguage":"tr","potentialAction":[{"@type":"ReadAction","target":["https:\/\/pankartmedya.com\/index.php\/hizmetlerimiz\/"]}]},{"@type":"BreadcrumbList","@id":"https:\/\/pankartmedya.com\/index.php\/hizmetlerimiz\/#breadcrumb","itemListElement":[{"@type":"ListItem","position":1,"name":"Anasayfa","item":"https:\/\/pankartmedya.com\/"},{"@type":"ListItem","position":2,"name":"Hizmetlerimiz"}]},{"@type":"WebSite","@id":"https:\/\/pankartmedya.com\/#website","url":"https:\/\/pankartmedya.com\/","name":"PANKART MEDYA","description":"AF\u0130\u015e BRO\u015e\u00dcR DERG\u0130 DA\u011eITIM TANITIM ORGAN\u0130ZASYON H\u0130ZMETLER\u0130","publisher":{"@id":"https:\/\/pankartmedya.com\/#organization"},"potentialAction":[{"@type":"SearchAction","target":{"@type":"EntryPoint","urlTemplate":"https:\/\/pankartmedya.com\/?s={search_term_string}"},"query-input":{"@type":"PropertyValueSpecification","valueRequired":true,"valueName":"search_term_string"}}],"inLanguage":"tr"},{"@type":"Organization","@id":"https:\/\/pankartmedya.com\/#organization","name":"PANKART MEDYA AF\u0130\u015e BRO\u015e\u00dcR DERG\u0130 DA\u011eITIM TANITIM ORGAN\u0130ZASYON H\u0130ZMETLER\u0130","alternateName":"afi\u015f adam afis adam","url":"https:\/\/pankartmedya.com\/","logo":{"@type":"ImageObject","inLanguage":"tr","@id":"https:\/\/pankartmedya.com\/#\/schema\/logo\/image\/","url":"https:\/\/pankartmedya.com\/wp-content\/uploads\/2026\/04\/plogoo.png","contentUrl":"https:\/\/pankartmedya.com\/wp-content\/uploads\/2026\/04\/plogoo.png","width":1099,"height":347,"caption":"PANKART MEDYA AF\u0130\u015e BRO\u015e\u00dcR DERG\u0130 DA\u011eITIM TANITIM ORGAN\u0130ZASYON H\u0130ZMETLER\u0130"},"image":{"@id":"https:\/\/pankartmedya.com\/#\/schema\/logo\/image\/"},"sameAs":["https:\/\/www.facebook.com\/p\/Pankart-Medya-Datm-Tantm-Organizasyon-100057863881169\/","https:\/\/www.instagram.com\/pankart.medya\/"]}]}},"_links":{"self":[{"href":"https:\/\/pankartmedya.com\/index.php\/wp-json\/wp\/v2\/pages\/887","targetHints":{"allow":["GET"]}}],"collection":[{"href":"https:\/\/pankartmedya.com\/index.php\/wp-json\/wp\/v2\/pages"}],"about":[{"href":"https:\/\/pankartmedya.com\/index.php\/wp-json\/wp\/v2\/types\/page"}],"author":[{"embeddable":true,"href":"https:\/\/pankartmedya.com\/index.php\/wp-json\/wp\/v2\/users\/2"}],"replies":[{"embeddable":true,"href":"https:\/\/pankartmedya.com\/index.php\/wp-json\/wp\/v2\/comments?post=887"}],"version-history":[{"count":4,"href":"https:\/\/pankartmedya.com\/index.php\/wp-json\/wp\/v2\/pages\/887\/revisions"}],"predecessor-version":[{"id":897,"href":"https:\/\/pankartmedya.com\/index.php\/wp-json\/wp\/v2\/pages\/887\/revisions\/897"}],"wp:attachment":[{"href":"https:\/\/pankartmedya.com\/index.php\/wp-json\/wp\/v2\/media?parent=887"}],"curies":[{"name":"wp","href":"https:\/\/api.w.org\/{rel}","templated":true}]}}